{"id":1351,"date":"2021-02-16T15:03:40","date_gmt":"2021-02-16T14:03:40","guid":{"rendered":"https:\/\/cleanngreen.cz\/about-us-style-1-copy\/"},"modified":"2021-05-05T15:16:06","modified_gmt":"2021-05-05T13:16:06","slug":"o-spolecnosti","status":"publish","type":"page","link":"https:\/\/cleanngreen.cz\/de\/o-spolecnosti\/","title":{"rendered":"\u00dcber das Unternehmen"},"content":{"rendered":"<div class=\"vc_row wpb_row vc_row-fluid page-margin-top-section\"><div class=\"wpb_column vc_column_container vc_col-sm-6\"><div class=\"wpb_wrapper\">\n\t<div  class=\"wpb_single_image wpb_content_element vc_align_left   cm-lightbox\">\n\t\t\n\t\t<figure class=\"wpb_wrapper vc_figure\">\n\t\t\t<a href=\"https:\/\/cleanngreen.cz\/wp-content\/uploads\/2021\/02\/image_04-1-1024x640-1.jpg\" target=\"_self\" class=\"vc_single_image-wrapper   vc_box_border_grey\"><img loading=\"lazy\" decoding=\"async\" width=\"640\" height=\"480\" src=\"https:\/\/cleanngreen.cz\/wp-content\/uploads\/2021\/02\/image_04-1-1024x640-1-640x480.jpg\" class=\"vc_single_image-img attachment-big-thumb\" alt=\"\" \/><\/a>\n\t\t<\/figure>\n\t<\/div>\n<div class=\"vc_row wpb_row vc_inner vc_row-fluid margin-top-30\"><div class=\"wpb_column vc_column_container vc_col-sm-6\"><div class=\"vc_column-inner\"><div class=\"wpb_wrapper\">\n\t<div  class=\"wpb_single_image wpb_content_element vc_align_left   cm-lightbox\">\n\t\t\n\t\t<figure class=\"wpb_wrapper vc_figure\">\n\t\t\t<a href=\"https:\/\/cleanngreen.cz\/wp-content\/uploads\/2021\/02\/image_09.jpg\" target=\"_self\" class=\"vc_single_image-wrapper   vc_box_border_grey\"><img loading=\"lazy\" decoding=\"async\" width=\"370\" height=\"246\" src=\"https:\/\/cleanngreen.cz\/wp-content\/uploads\/2021\/02\/image_09-370x246.jpg\" class=\"vc_single_image-img attachment-small-thumb\" alt=\"\" srcset=\"https:\/\/cleanngreen.cz\/wp-content\/uploads\/2021\/02\/image_09-370x246.jpg 370w, https:\/\/cleanngreen.cz\/wp-content\/uploads\/2021\/02\/image_09-300x200.jpg 300w, https:\/\/cleanngreen.cz\/wp-content\/uploads\/2021\/02\/image_09.jpg 480w\" sizes=\"auto, (max-width: 370px) 100vw, 370px\" \/><\/a>\n\t\t<\/figure>\n\t<\/div>\n<\/div><\/div><\/div><div class=\"wpb_column vc_column_container vc_col-sm-6\"><div class=\"vc_column-inner\"><div class=\"wpb_wrapper\">\n\t<div  class=\"wpb_single_image wpb_content_element vc_align_left   cm-lightbox\">\n\t\t\n\t\t<figure class=\"wpb_wrapper vc_figure\">\n\t\t\t<a href=\"https:\/\/cleanngreen.cz\/wp-content\/uploads\/2021\/02\/image_08.jpg\" target=\"_self\" class=\"vc_single_image-wrapper   vc_box_border_grey\"><img loading=\"lazy\" decoding=\"async\" width=\"370\" height=\"246\" src=\"https:\/\/cleanngreen.cz\/wp-content\/uploads\/2021\/02\/image_08-370x246.jpg\" class=\"vc_single_image-img attachment-small-thumb\" alt=\"\" srcset=\"https:\/\/cleanngreen.cz\/wp-content\/uploads\/2021\/02\/image_08-370x246.jpg 370w, https:\/\/cleanngreen.cz\/wp-content\/uploads\/2021\/02\/image_08-300x200.jpg 300w, https:\/\/cleanngreen.cz\/wp-content\/uploads\/2021\/02\/image_08.jpg 480w\" sizes=\"auto, (max-width: 370px) 100vw, 370px\" \/><\/a>\n\t\t<\/figure>\n\t<\/div>\n<\/div><\/div><\/div><\/div><\/div><\/div><div class=\"wpb_column vc_column_container vc_col-sm-6\"><div class=\"wpb_wrapper\"><div class=\"vc_row wpb_row vc_inner vc_row-fluid padding-left-right-30\"><div class=\"wpb_column vc_column_container vc_col-sm-12\"><div class=\"vc_column-inner\"><div class=\"wpb_wrapper\"><h2 class=\"box-header align-left\">WARUM SOLLTEN WIR IHRE ERSTE WAHL SEIN?<\/h2>\n\t<div class=\"wpb_text_column wpb_content_element  description\" >\n\t\t<div class=\"wpb_wrapper\">\n\t\t\t<p>Wir denken \u00fcber die Reinigung anders nach.<\/p>\n\n\t\t<\/div>\n\t<\/div>\n\n\t<div class=\"wpb_text_column wpb_content_element  padding-0 margin-top-27\" >\n\t\t<div class=\"wpb_wrapper\">\n\t\t\t<p>Wir f\u00fchren regelm\u00e4\u00dfige\u00a0<strong>Reinigung von B\u00fcros, <\/strong>industriellen und kommerziellen Objekten durch. Wir reinigen Herstellungs und Lagerungsr\u00e4ume einschlie\u00dflich administrative B\u00fcros und Sanit\u00e4rr\u00e4ume.<\/p>\n<p>&nbsp;<\/p>\n<p>Schon mehrere Jahre bieten wir professionelle\nReinigungsdienste an und sind umweltfreundliche Dienstleister.<\/p>\n<p>&nbsp;<\/p>\n<p>Das wichtigste f\u00fcr uns ist die Zufriedenheit unserer Kunden.<\/p>\n<p>&nbsp;<\/p>\n<p>Zufriedenheit unserer Kunden ist die Priorit\u00e4t f\u00fcr\nuns. Wir basieren auf dem Aufbau langfristiger\nGesch\u00e4ftsbeziehungen durch sebstverst\u00e4ndliche\nEigenschaften wie <strong>korektes Verhalten, Respekt<\/strong> und <strong>Vertrauen<\/strong>Dank unseres professionellen\nAnsatzes garantieren wir perfekte Dienste.<\/p>\n<p>&nbsp;<\/p>\n<p>In gro\u00dfen Objekten ist es aufwendig die\nArbeitspl\u00e4tze von vielen Mitarbeitenden zu\nreinigen und sauber zu halten. Das wissen wir!\nRegelm\u00e4\u00dfige Reinigung und Pflege ist\nunerl\u00e4sslich wichtig. Wir helfen Ihnen gerne.<\/p>\n\n\t\t<\/div>\n\t<\/div>\n<\/div><\/div><\/div><\/div><\/div><\/div><\/div><div class=\"vc_row wpb_row vc_row-fluid page-margin-top-section\"><div class=\"wpb_column vc_column_container vc_col-sm-6\"><div class=\"wpb_wrapper\"><h4 class=\"box-header margin-top-40 no-border\">WAS K\u00d6NNEN WIR NOCH:<\/h4><ul class=\"list margin-top-20\"><li class=\"template-tick-1\"><span>Allgemeine Grundreinigung<\/span><\/li><li class=\"template-tick-1\"><span>Maschinenreinigung des Bodens und der Garage<\/span><\/li><li class=\"template-tick-1\"><span>Fensterreinigung<\/span><\/li><li class=\"template-tick-1\"><span>Teppich und Polsterreinigung<\/span><\/li><li class=\"template-tick-1\"><span>Gel\u00e4ndeinstandhaltung<\/span><\/li><\/ul><\/div><\/div><div class=\"wpb_column vc_column_container vc_col-sm-6\"><div class=\"wpb_wrapper\"><h4 class=\"box-header margin-top-40 no-border\">WIR BASIEREN AUF:<\/h4><ul class=\"list margin-top-20\"><li class=\"template-tick-1\"><span>Vertrauen<\/span><\/li><li class=\"template-tick-1\"><span>Korektheit<\/span><\/li><li class=\"template-tick-1\"><span>Zuverl\u00e4ssigkeit<\/span><\/li><li class=\"template-tick-1\"><span>Verantwortung<\/span><\/li><\/ul><\/div><\/div><\/div><div class=\"vc_row wpb_row vc_row-fluid page-padding-top-section padding-bottom-100 vc_custom_1510320391770 vc_row-has-fill page-margin-top-section full-width cm-parallax cm-overlay\"><div class=\"wpb_column vc_column_container vc_col-sm-12\"><div class=\"wpb_wrapper\"><div class=\"vc_row wpb_row vc_inner vc_row-fluid\"><div class=\"wpb_column vc_column_container vc_col-sm-12\"><div class=\"vc_column-inner\"><div class=\"wpb_wrapper\"><ul class=\"services-list clearfix services-icons\"><li class=\"vc_row wpb_row vc_row-fluid\"><ul><li><span class=\"service-icon features-office-2 big tick\"><\/span><div class=\"service-content\"><h4>OBJEKTREINIGUNG<\/h4><p>Wir f\u00fchren regelm\u00e4\u00dfige Reinigungen von\nB\u00fcros sowie industriellen und kommerziellen\nObjekten durch. Wir reinigen Herstellungs- und\nLagerungsr\u00e4ume einschlie\u00dflich der\nadministrativen B\u00fcros und der Sanit\u00e4rr\u00e4ume.<\/p>\n<\/div><\/li><li><span class=\"service-icon features-team big tick\"><\/span><div class=\"service-content\"><h4>SACHVERSTAND<\/h4><p>In unserem Fach sind wir erfahrene Experten.\nWir bilden uns regelm\u00e4\u00dfig fort und wir sind auf\ndem neuesten Stand. Dank unserer perfekt\neingerabeiteten Mitarbeitenden sorgen wir\ngemeinsam f\u00fcr ihr Objekt.<\/p>\n<\/div><\/li><li><span class=\"service-icon features-vacuum-cleaner big tick\"><\/span><div class=\"service-content\"><h4>TECHNIK<\/h4><p>Wir verwenden moderne professionelle\nReinigungstechnik und \u00f6kologische\nReinigungsmittel mit antimikrobakteriellen\nWirkungen, damit wir perfekte Ergebnisse\nsichern.<\/p>\n<\/div><\/li><\/ul><\/li><\/ul><\/div><\/div><\/div><\/div><\/div><\/div><\/div><div class=\"vc_row wpb_row vc_row-fluid padding-top-89 padding-bottom-100 vc_custom_1505914370877 vc_row-has-fill full-width\"><div class=\"wpb_column vc_column_container vc_col-sm-12\"><div class=\"wpb_wrapper\"><div class=\"vc_row wpb_row vc_inner vc_row-fluid\"><div class=\"wpb_column vc_column_container vc_col-sm-12\"><div class=\"vc_column-inner\"><div class=\"wpb_wrapper\"><h3 class=\"box-header no-border\">WIR KOOPERIEREN MIT<\/h3><div class=\"our-clients-list-container margin-top-40 type-list\">\r\n\t\t\t\t\t<ul class=\"our-clients-list autoplay-0 type-list\"><li class=\"vertical-align\"><div class=\"our-clients-item-container\"><div class=\"vertical-align-cell\"><a href=\"https:\/\/www.isokor.cz\/\" target=\"_blank\"><img loading=\"lazy\" decoding=\"async\" width=\"788\" height=\"788\" src=\"https:\/\/cleanngreen.cz\/wp-content\/uploads\/2021\/02\/ISOKOR_logo-1.png\" class=\"attachment-full size-full\" alt=\"\" srcset=\"https:\/\/cleanngreen.cz\/wp-content\/uploads\/2021\/02\/ISOKOR_logo-1.png 788w, https:\/\/cleanngreen.cz\/wp-content\/uploads\/2021\/02\/ISOKOR_logo-1-300x300.png 300w, https:\/\/cleanngreen.cz\/wp-content\/uploads\/2021\/02\/ISOKOR_logo-1-150x150.png 150w, https:\/\/cleanngreen.cz\/wp-content\/uploads\/2021\/02\/ISOKOR_logo-1-600x600.png 600w, https:\/\/cleanngreen.cz\/wp-content\/uploads\/2021\/02\/ISOKOR_logo-1-768x768.png 768w, https:\/\/cleanngreen.cz\/wp-content\/uploads\/2021\/02\/ISOKOR_logo-1-480x480.png 480w, https:\/\/cleanngreen.cz\/wp-content\/uploads\/2021\/02\/ISOKOR_logo-1-260x260.png 260w, https:\/\/cleanngreen.cz\/wp-content\/uploads\/2021\/02\/ISOKOR_logo-1-90x90.png 90w\" sizes=\"auto, (max-width: 788px) 100vw, 788px\" \/><\/a><\/div><\/div><\/li><\/ul><div class=\"cm-carousel-pagination\"><\/div><\/div><\/div><\/div><\/div><\/div><\/div><\/div><\/div>","protected":false},"excerpt":{"rendered":"PRO\u010c SI VYBRAT N\u00c1S? P\u0159em\u00fd\u0161l\u00edme o \u00faklidu jinak. Jsme mlad\u00e1, ekologicky sm\u00fd\u0161lej\u00edc\u00ed \u00faklidov\u00e1 spole\u010dnost. Prov\u00e1d\u00edme pravideln\u00fd\u00a0\u00faklid kancel\u00e1\u0159\u00ed, pr\u016fmyslov\u00fdch a komer\u010dn\u00edch objekt\u016f. Ukl\u00edz\u00edme v\u00fdrobn\u00ed i skladovac\u00ed komplexy v\u010detn\u011b administrativn\u00edho a soci\u00e1ln\u00edho z\u00e1zem\u00ed. M\u00e1me n\u011bkolikalet\u00e9 zku\u0161enosti v\u00a0oblasti poskytov\u00e1n\u00ed profesion\u00e1ln\u00edch \u00faklidov\u00fdch slu\u017eeb. &nbsp; Poskytujeme slu\u017eby \u0161etrn\u00e9 k\u00a0\u017eivotn\u00edmu prost\u0159ed\u00ed. &nbsp; Na\u0161\u00edm c\u00edlem je spokojen\u00fd klient a z\u00e1rove\u0148 co nejv\u00edce","protected":false},"author":1,"featured_media":0,"parent":0,"menu_order":0,"comment_status":"closed","ping_status":"closed","template":"","meta":{"footnotes":""},"class_list":["post-1351","page","type-page","status-publish","hentry"],"yoast_head":"<!-- This site is optimized with the Yoast SEO plugin v24.3 - https:\/\/yoast.com\/wordpress\/plugins\/seo\/ -->\n<title>O spole\u010dnosti - Clean&#039;n&#039;Green<\/title>\n<meta name=\"description\" content=\"Jsme mlad\u00e1, ekologicky sm\u00fd\u0161lej\u00edc\u00ed \u00faklidov\u00e1 spole\u010dnost. Prov\u00e1d\u00edme pravideln\u00fd \u00faklid kancel\u00e1\u0159\u00ed, pr\u016fmyslov\u00fdch a komer\u010dn\u00edch objekt\u016f.\" \/>\n<meta name=\"robots\" content=\"index, follow, max-snippet:-1, max-image-preview:large, max-video-preview:-1\" \/>\n<link rel=\"canonical\" href=\"https:\/\/cleanngreen.cz\/de\/o-spolecnosti\/\" \/>\n<meta property=\"og:locale\" content=\"de_DE\" \/>\n<meta property=\"og:type\" content=\"article\" \/>\n<meta property=\"og:title\" content=\"O spole\u010dnosti - Clean&#039;n&#039;Green\" \/>\n<meta property=\"og:description\" content=\"Jsme mlad\u00e1, ekologicky sm\u00fd\u0161lej\u00edc\u00ed \u00faklidov\u00e1 spole\u010dnost. Prov\u00e1d\u00edme pravideln\u00fd \u00faklid kancel\u00e1\u0159\u00ed, pr\u016fmyslov\u00fdch a komer\u010dn\u00edch objekt\u016f.\" \/>\n<meta property=\"og:url\" content=\"https:\/\/cleanngreen.cz\/de\/o-spolecnosti\/\" \/>\n<meta property=\"og:site_name\" content=\"Clean&#039;n&#039;Green\" \/>\n<meta property=\"article:publisher\" content=\"https:\/\/www.facebook.com\/uklid.cleanngreen\/\" \/>\n<meta property=\"article:modified_time\" content=\"2021-05-05T13:16:06+00:00\" \/>\n<meta property=\"og:image\" content=\"https:\/\/cleanngreen.cz\/wp-content\/uploads\/2021\/02\/cleanngreen-logo_resized.png\" \/>\n\t<meta property=\"og:image:width\" content=\"447\" \/>\n\t<meta property=\"og:image:height\" content=\"200\" \/>\n\t<meta property=\"og:image:type\" content=\"image\/png\" \/>\n<meta name=\"twitter:card\" content=\"summary_large_image\" \/>\n<meta name=\"twitter:label1\" content=\"Gesch\u00e4tzte Lesezeit\" \/>\n\t<meta name=\"twitter:data1\" content=\"2\u00a0Minuten\" \/>\n<script type=\"application\/ld+json\" class=\"yoast-schema-graph\">{\"@context\":\"https:\/\/schema.org\",\"@graph\":[{\"@type\":\"WebPage\",\"@id\":\"https:\/\/cleanngreen.cz\/o-spolecnosti\/\",\"url\":\"https:\/\/cleanngreen.cz\/o-spolecnosti\/\",\"name\":\"O spole\u010dnosti - Clean&#039;n&#039;Green\",\"isPartOf\":{\"@id\":\"https:\/\/cleanngreen.cz\/#website\"},\"datePublished\":\"2021-02-16T14:03:40+00:00\",\"dateModified\":\"2021-05-05T13:16:06+00:00\",\"description\":\"Jsme mlad\u00e1, ekologicky sm\u00fd\u0161lej\u00edc\u00ed \u00faklidov\u00e1 spole\u010dnost. Prov\u00e1d\u00edme pravideln\u00fd \u00faklid kancel\u00e1\u0159\u00ed, pr\u016fmyslov\u00fdch a komer\u010dn\u00edch objekt\u016f.\",\"breadcrumb\":{\"@id\":\"https:\/\/cleanngreen.cz\/o-spolecnosti\/#breadcrumb\"},\"inLanguage\":\"de\",\"potentialAction\":[{\"@type\":\"ReadAction\",\"target\":[\"https:\/\/cleanngreen.cz\/o-spolecnosti\/\"]}]},{\"@type\":\"BreadcrumbList\",\"@id\":\"https:\/\/cleanngreen.cz\/o-spolecnosti\/#breadcrumb\",\"itemListElement\":[{\"@type\":\"ListItem\",\"position\":1,\"name\":\"Dom\u016f\",\"item\":\"https:\/\/cleanngreen.cz\/\"},{\"@type\":\"ListItem\",\"position\":2,\"name\":\"O spole\u010dnosti\"}]},{\"@type\":\"WebSite\",\"@id\":\"https:\/\/cleanngreen.cz\/#website\",\"url\":\"https:\/\/cleanngreen.cz\/\",\"name\":\"Clean&#039;n&#039;Green\",\"description\":\"P\u0159em\u00fd\u0161l\u00edme o \u00faklidu jinak\",\"publisher\":{\"@id\":\"https:\/\/cleanngreen.cz\/#organization\"},\"potentialAction\":[{\"@type\":\"SearchAction\",\"target\":{\"@type\":\"EntryPoint\",\"urlTemplate\":\"https:\/\/cleanngreen.cz\/?s={search_term_string}\"},\"query-input\":{\"@type\":\"PropertyValueSpecification\",\"valueRequired\":true,\"valueName\":\"search_term_string\"}}],\"inLanguage\":\"de\"},{\"@type\":\"Organization\",\"@id\":\"https:\/\/cleanngreen.cz\/#organization\",\"name\":\"Clean'n'Green s.r.o.\",\"url\":\"https:\/\/cleanngreen.cz\/\",\"logo\":{\"@type\":\"ImageObject\",\"inLanguage\":\"de\",\"@id\":\"https:\/\/cleanngreen.cz\/#\/schema\/logo\/image\/\",\"url\":\"https:\/\/cleanngreen.cz\/wp-content\/uploads\/2021\/02\/cleanngreen-logo_resized.png\",\"contentUrl\":\"https:\/\/cleanngreen.cz\/wp-content\/uploads\/2021\/02\/cleanngreen-logo_resized.png\",\"width\":447,\"height\":200,\"caption\":\"Clean'n'Green s.r.o.\"},\"image\":{\"@id\":\"https:\/\/cleanngreen.cz\/#\/schema\/logo\/image\/\"},\"sameAs\":[\"https:\/\/www.facebook.com\/uklid.cleanngreen\/\",\"https:\/\/www.instagram.com\/cleanngreen.cz\/\"]}]}<\/script>\n<!-- \/ Yoast SEO plugin. -->","yoast_head_json":{"title":"O spole\u010dnosti - Clean&#039;n&#039;Green","description":"Jsme mlad\u00e1, ekologicky sm\u00fd\u0161lej\u00edc\u00ed \u00faklidov\u00e1 spole\u010dnost. Prov\u00e1d\u00edme pravideln\u00fd \u00faklid kancel\u00e1\u0159\u00ed, pr\u016fmyslov\u00fdch a komer\u010dn\u00edch objekt\u016f.","robots":{"index":"index","follow":"follow","max-snippet":"max-snippet:-1","max-image-preview":"max-image-preview:large","max-video-preview":"max-video-preview:-1"},"canonical":"https:\/\/cleanngreen.cz\/de\/o-spolecnosti\/","og_locale":"de_DE","og_type":"article","og_title":"O spole\u010dnosti - Clean&#039;n&#039;Green","og_description":"Jsme mlad\u00e1, ekologicky sm\u00fd\u0161lej\u00edc\u00ed \u00faklidov\u00e1 spole\u010dnost. Prov\u00e1d\u00edme pravideln\u00fd \u00faklid kancel\u00e1\u0159\u00ed, pr\u016fmyslov\u00fdch a komer\u010dn\u00edch objekt\u016f.","og_url":"https:\/\/cleanngreen.cz\/de\/o-spolecnosti\/","og_site_name":"Clean&#039;n&#039;Green","article_publisher":"https:\/\/www.facebook.com\/uklid.cleanngreen\/","article_modified_time":"2021-05-05T13:16:06+00:00","og_image":[{"width":447,"height":200,"url":"https:\/\/cleanngreen.cz\/wp-content\/uploads\/2021\/02\/cleanngreen-logo_resized.png","type":"image\/png"}],"twitter_card":"summary_large_image","twitter_misc":{"Gesch\u00e4tzte Lesezeit":"2\u00a0Minuten"},"schema":{"@context":"https:\/\/schema.org","@graph":[{"@type":"WebPage","@id":"https:\/\/cleanngreen.cz\/o-spolecnosti\/","url":"https:\/\/cleanngreen.cz\/o-spolecnosti\/","name":"O spole\u010dnosti - Clean&#039;n&#039;Green","isPartOf":{"@id":"https:\/\/cleanngreen.cz\/#website"},"datePublished":"2021-02-16T14:03:40+00:00","dateModified":"2021-05-05T13:16:06+00:00","description":"Jsme mlad\u00e1, ekologicky sm\u00fd\u0161lej\u00edc\u00ed \u00faklidov\u00e1 spole\u010dnost. Prov\u00e1d\u00edme pravideln\u00fd \u00faklid kancel\u00e1\u0159\u00ed, pr\u016fmyslov\u00fdch a komer\u010dn\u00edch objekt\u016f.","breadcrumb":{"@id":"https:\/\/cleanngreen.cz\/o-spolecnosti\/#breadcrumb"},"inLanguage":"de","potentialAction":[{"@type":"ReadAction","target":["https:\/\/cleanngreen.cz\/o-spolecnosti\/"]}]},{"@type":"BreadcrumbList","@id":"https:\/\/cleanngreen.cz\/o-spolecnosti\/#breadcrumb","itemListElement":[{"@type":"ListItem","position":1,"name":"Dom\u016f","item":"https:\/\/cleanngreen.cz\/"},{"@type":"ListItem","position":2,"name":"O spole\u010dnosti"}]},{"@type":"WebSite","@id":"https:\/\/cleanngreen.cz\/#website","url":"https:\/\/cleanngreen.cz\/","name":"Clean&#039;n&#039;Green","description":"P\u0159em\u00fd\u0161l\u00edme o \u00faklidu jinak","publisher":{"@id":"https:\/\/cleanngreen.cz\/#organization"},"potentialAction":[{"@type":"SearchAction","target":{"@type":"EntryPoint","urlTemplate":"https:\/\/cleanngreen.cz\/?s={search_term_string}"},"query-input":{"@type":"PropertyValueSpecification","valueRequired":true,"valueName":"search_term_string"}}],"inLanguage":"de"},{"@type":"Organization","@id":"https:\/\/cleanngreen.cz\/#organization","name":"Clean'n'Green s.r.o.","url":"https:\/\/cleanngreen.cz\/","logo":{"@type":"ImageObject","inLanguage":"de","@id":"https:\/\/cleanngreen.cz\/#\/schema\/logo\/image\/","url":"https:\/\/cleanngreen.cz\/wp-content\/uploads\/2021\/02\/cleanngreen-logo_resized.png","contentUrl":"https:\/\/cleanngreen.cz\/wp-content\/uploads\/2021\/02\/cleanngreen-logo_resized.png","width":447,"height":200,"caption":"Clean'n'Green s.r.o."},"image":{"@id":"https:\/\/cleanngreen.cz\/#\/schema\/logo\/image\/"},"sameAs":["https:\/\/www.facebook.com\/uklid.cleanngreen\/","https:\/\/www.instagram.com\/cleanngreen.cz\/"]}]}},"_links":{"self":[{"href":"https:\/\/cleanngreen.cz\/de\/wp-json\/wp\/v2\/pages\/1351","targetHints":{"allow":["GET"]}}],"collection":[{"href":"https:\/\/cleanngreen.cz\/de\/wp-json\/wp\/v2\/pages"}],"about":[{"href":"https:\/\/cleanngreen.cz\/de\/wp-json\/wp\/v2\/types\/page"}],"author":[{"embeddable":true,"href":"https:\/\/cleanngreen.cz\/de\/wp-json\/wp\/v2\/users\/1"}],"replies":[{"embeddable":true,"href":"https:\/\/cleanngreen.cz\/de\/wp-json\/wp\/v2\/comments?post=1351"}],"version-history":[{"count":25,"href":"https:\/\/cleanngreen.cz\/de\/wp-json\/wp\/v2\/pages\/1351\/revisions"}],"predecessor-version":[{"id":1959,"href":"https:\/\/cleanngreen.cz\/de\/wp-json\/wp\/v2\/pages\/1351\/revisions\/1959"}],"wp:attachment":[{"href":"https:\/\/cleanngreen.cz\/de\/wp-json\/wp\/v2\/media?parent=1351"}],"curies":[{"name":"wp","href":"https:\/\/api.w.org\/{rel}","templated":true}]}}