{"id":1384,"date":"2021-02-16T18:19:29","date_gmt":"2021-02-16T17:19:29","guid":{"rendered":"https:\/\/cleanngreen.cz\/contact-style-2-copy\/"},"modified":"2022-06-13T09:58:16","modified_gmt":"2022-06-13T07:58:16","slug":"kontakt","status":"publish","type":"page","link":"https:\/\/cleanngreen.cz\/de\/kontakt\/","title":{"rendered":"Kontakt"},"content":{"rendered":"<div class=\"vc_row wpb_row vc_row-fluid vc_custom_1508334993494 vc_row-has-fill full-width\"><div class=\"wpb_column vc_column_container vc_col-sm-6\"><div class=\"wpb_wrapper\"><div id='map' style='width:100%;height:750px;'><\/div><\/div><\/div><div class=\"padding-bottom-70 wpb_column vc_column_container vc_col-sm-6\"><div class=\"wpb_wrapper\"><div class=\"vc_row wpb_row vc_inner vc_row-fluid padding-left-right-100 page-margin-top-section\"><div class=\"wpb_column vc_column_container vc_col-sm-6\"><div class=\"vc_column-inner\"><div class=\"wpb_wrapper\"><div class=\"feature-item\"><div class=\"icon features-map\"><\/div><h4>CLEAN'N'GREEN s.r.o.<\/h4><p><strong>I\u010cO: 10705899<\/strong><br \/>\nRusk\u00e1 45<br \/>\n506 01 Ji\u010d\u00edn<\/p><\/div><\/div><\/div><\/div><div class=\"wpb_column vc_column_container vc_col-sm-6\"><div class=\"vc_column-inner\"><div class=\"wpb_wrapper\"><div class=\"feature-item\"><div class=\"icon features-phone\"><\/div><h4>TELEFON<\/h4><p>Nikol Bechy\u0148ov\u00e1 (Leiter des Reinigungsteams): <span class=\"text-nowrap\"><a href=\"tel:777739456\">777 739 456<\/a><\/span><\/p><\/div><\/div><\/div><\/div><\/div><div class=\"vc_row wpb_row vc_inner vc_row-fluid padding-left-right-100 page-margin-top-section\"><div class=\"wpb_column vc_column_container vc_col-sm-6\"><div class=\"vc_column-inner\"><div class=\"wpb_wrapper\"><div class=\"feature-item page-margin-top\"><div class=\"icon features-clock\"><\/div><h4>ERREICHBARKEIT<\/h4><p>von 8 bis 20 Uhr<\/p><\/div><\/div><\/div><\/div><div class=\"wpb_column vc_column_container vc_col-sm-6\"><div class=\"vc_column-inner\"><div class=\"wpb_wrapper\"><div class=\"feature-item page-margin-top\"><div class=\"icon features-email\"><\/div><h4>EMAIL<\/h4><p>Nikol Bechy\u0148ov\u00e1 (Leiter des Reinigungsteams): <span class=\"text-nowrap\"><a href=\"mailto:uklid@cleanngreen.cz\">uklid@cleanngreen.cz<\/a><\/span><\/p><\/div><\/div><\/div><\/div><\/div><\/div><\/div><\/div><div class=\"vc_row wpb_row vc_row-fluid padding-bottom-100 page-margin-top-section\"><div class=\"wpb_column vc_column_container vc_col-sm-12\"><div class=\"wpb_wrapper\"><form class=\"cm-contact-form\" id=\"contact-form\" method=\"post\" action=\"#\" data-trp-original-action=\"#\">\r\n\t\t<div class=\"vc_row wpb_row vc_inner flex-box\">\r\n\t\t\t<fieldset class=\"vc_col-sm-6 wpb_column vc_column_container\">\r\n\t\t\t\t<div class=\"block\">\r\n\t\t\t\t\t<label>YOUR NAME<\/label>\r\n\t\t\t\t\t<input class=\"text_input\" name=\"name\" type=\"text\" value=\"\" data-required=\"1\">\r\n\t\t\t\t<\/div>\r\n\t\t\t\t<div class=\"block\">\r\n\t\t\t\t\t<label>YOUR EMAIL<\/label>\r\n\t\t\t\t\t<input class=\"text_input\" name=\"email\" type=\"text\" value=\"\" data-required=\"1\">\r\n\t\t\t\t<\/div>\r\n\t\t\t\t<div class=\"block\">\r\n\t\t\t\t\t<label>TELEFONNUMMER<\/label>\r\n\t\t\t\t\t<input class=\"text_input\" name=\"phone\" type=\"text\" value=\"\">\r\n\t\t\t\t<\/div>\r\n\t\t\t<\/fieldset>\r\n\t\t\t<fieldset class=\"vc_col-sm-6 wpb_column vc_column_container\">\r\n\t\t\t\t<div class=\"block textarea-block\">\r\n\t\t\t\t\t<label>MESSAGE<\/label>\r\n\t\t\t\t\t<textarea name=\"message\" data-required=\"1\"><\/textarea>\r\n\t\t\t\t<\/div>\r\n\t\t\t<\/fieldset>\r\n\t\t<\/div>\r\n\t\t<div class=\"vc_row wpb_row vc_inner margin-top-30\">\r\n\t\t\t<div class=\"vc_col-sm-12 wpb_column vc_column_container fieldset-with-recaptcha\">\r\n\t\t\t\t<input type=\"hidden\" name=\"action\" value=\"theme_contact_form\">\r\n\t\t\t\t<input type=\"hidden\" name=\"id\" value=\"contact-form\"><div class=\"vc_row wpb_row vc_inner margin-top-15 padding-bottom-16 button-with-recaptcha\">\r\n\t\t\t\t\t<a class=\"more submit-contact-form\" href=\"#\" title=\"Nachricht senden\">Nachricht senden<\/a>\r\n\t\t\t\t<\/div><div class=\"g-recaptcha-wrapper block\"><div class=\"g-recaptcha\" data-sitekey=\"6Le13FoaAAAAAI64vS1oPZrS00MxFDJvyio4ouVw\"><\/div><\/div><\/div>\r\n\t\t<\/div>\r\n\t<input type=\"hidden\" name=\"trp-form-language\" value=\"de\"\/><\/form><\/div><\/div><\/div>","protected":false},"excerpt":{"rendered":"CLEAN'N'GREEN s.r.o.I\u010cO: 10705899 Rusk\u00e1 45 506 01 Ji\u010d\u00ednTELEFONNikol Bechy\u0148ov\u00e1 (mana\u017eerka \u00faklidu): 777 739 456PRACOVN\u00cd DOBAod 8 do 20 hodinEMAILNikol Bechy\u0148ov\u00e1 (mana\u017eerka \u00faklidu): uklid@cleanngreen.cz YOUR NAME YOUR EMAIL V\u00c1\u0160 TELEFON MESSAGE Odeslat zpr\u00e1vu","protected":false},"author":1,"featured_media":0,"parent":0,"menu_order":0,"comment_status":"closed","ping_status":"closed","template":"template-default-without-breadcrumbs.php","meta":{"footnotes":""},"class_list":["post-1384","page","type-page","status-publish","hentry"],"yoast_head":"<!-- This site is optimized with the Yoast SEO plugin v24.3 - https:\/\/yoast.com\/wordpress\/plugins\/seo\/ -->\n<title>Kontakt - Clean&#039;n&#039;Green<\/title>\n<meta name=\"description\" content=\"Kontaktn\u00ed informace ke spole\u010dnosti CLEAN&#039;N&#039;GREEN s.r.o., se s\u00eddlem Rusk\u00e1 45, 506 01 Ji\u010d\u00edn. V p\u0159\u00edpad\u011b jak\u00fdchkoliv dotaz\u016f n\u00e1s kontaktujte.\" \/>\n<meta name=\"robots\" content=\"index, follow, max-snippet:-1, max-image-preview:large, max-video-preview:-1\" \/>\n<link rel=\"canonical\" href=\"https:\/\/cleanngreen.cz\/de\/kontakt\/\" \/>\n<meta property=\"og:locale\" content=\"de_DE\" \/>\n<meta property=\"og:type\" content=\"article\" \/>\n<meta property=\"og:title\" content=\"Kontakt - Clean&#039;n&#039;Green\" \/>\n<meta property=\"og:description\" content=\"Kontaktn\u00ed informace ke spole\u010dnosti CLEAN&#039;N&#039;GREEN s.r.o., se s\u00eddlem Rusk\u00e1 45, 506 01 Ji\u010d\u00edn. V p\u0159\u00edpad\u011b jak\u00fdchkoliv dotaz\u016f n\u00e1s kontaktujte.\" \/>\n<meta property=\"og:url\" content=\"https:\/\/cleanngreen.cz\/de\/kontakt\/\" \/>\n<meta property=\"og:site_name\" content=\"Clean&#039;n&#039;Green\" \/>\n<meta property=\"article:publisher\" content=\"https:\/\/www.facebook.com\/uklid.cleanngreen\/\" \/>\n<meta property=\"article:modified_time\" content=\"2022-06-13T07:58:16+00:00\" \/>\n<meta property=\"og:image\" content=\"https:\/\/cleanngreen.cz\/wp-content\/uploads\/2021\/02\/cleanngreen-logo_resized.png\" \/>\n\t<meta property=\"og:image:width\" content=\"447\" \/>\n\t<meta property=\"og:image:height\" content=\"200\" \/>\n\t<meta property=\"og:image:type\" content=\"image\/png\" \/>\n<meta name=\"twitter:card\" content=\"summary_large_image\" \/>\n<meta name=\"twitter:label1\" content=\"Gesch\u00e4tzte Lesezeit\" \/>\n\t<meta name=\"twitter:data1\" content=\"1\u00a0Minute\" \/>\n<script type=\"application\/ld+json\" class=\"yoast-schema-graph\">{\"@context\":\"https:\/\/schema.org\",\"@graph\":[{\"@type\":\"WebPage\",\"@id\":\"https:\/\/cleanngreen.cz\/kontakt\/\",\"url\":\"https:\/\/cleanngreen.cz\/kontakt\/\",\"name\":\"Kontakt - Clean&#039;n&#039;Green\",\"isPartOf\":{\"@id\":\"https:\/\/cleanngreen.cz\/#website\"},\"datePublished\":\"2021-02-16T17:19:29+00:00\",\"dateModified\":\"2022-06-13T07:58:16+00:00\",\"description\":\"Kontaktn\u00ed informace ke spole\u010dnosti CLEAN'N'GREEN s.r.o., se s\u00eddlem Rusk\u00e1 45, 506 01 Ji\u010d\u00edn. V p\u0159\u00edpad\u011b jak\u00fdchkoliv dotaz\u016f n\u00e1s kontaktujte.\",\"breadcrumb\":{\"@id\":\"https:\/\/cleanngreen.cz\/kontakt\/#breadcrumb\"},\"inLanguage\":\"de\",\"potentialAction\":[{\"@type\":\"ReadAction\",\"target\":[\"https:\/\/cleanngreen.cz\/kontakt\/\"]}]},{\"@type\":\"BreadcrumbList\",\"@id\":\"https:\/\/cleanngreen.cz\/kontakt\/#breadcrumb\",\"itemListElement\":[{\"@type\":\"ListItem\",\"position\":1,\"name\":\"Dom\u016f\",\"item\":\"https:\/\/cleanngreen.cz\/\"},{\"@type\":\"ListItem\",\"position\":2,\"name\":\"Kontakt\"}]},{\"@type\":\"WebSite\",\"@id\":\"https:\/\/cleanngreen.cz\/#website\",\"url\":\"https:\/\/cleanngreen.cz\/\",\"name\":\"Clean&#039;n&#039;Green\",\"description\":\"P\u0159em\u00fd\u0161l\u00edme o \u00faklidu jinak\",\"publisher\":{\"@id\":\"https:\/\/cleanngreen.cz\/#organization\"},\"potentialAction\":[{\"@type\":\"SearchAction\",\"target\":{\"@type\":\"EntryPoint\",\"urlTemplate\":\"https:\/\/cleanngreen.cz\/?s={search_term_string}\"},\"query-input\":{\"@type\":\"PropertyValueSpecification\",\"valueRequired\":true,\"valueName\":\"search_term_string\"}}],\"inLanguage\":\"de\"},{\"@type\":\"Organization\",\"@id\":\"https:\/\/cleanngreen.cz\/#organization\",\"name\":\"Clean'n'Green s.r.o.\",\"url\":\"https:\/\/cleanngreen.cz\/\",\"logo\":{\"@type\":\"ImageObject\",\"inLanguage\":\"de\",\"@id\":\"https:\/\/cleanngreen.cz\/#\/schema\/logo\/image\/\",\"url\":\"https:\/\/cleanngreen.cz\/wp-content\/uploads\/2021\/02\/cleanngreen-logo_resized.png\",\"contentUrl\":\"https:\/\/cleanngreen.cz\/wp-content\/uploads\/2021\/02\/cleanngreen-logo_resized.png\",\"width\":447,\"height\":200,\"caption\":\"Clean'n'Green s.r.o.\"},\"image\":{\"@id\":\"https:\/\/cleanngreen.cz\/#\/schema\/logo\/image\/\"},\"sameAs\":[\"https:\/\/www.facebook.com\/uklid.cleanngreen\/\",\"https:\/\/www.instagram.com\/cleanngreen.cz\/\"]}]}<\/script>\n<!-- \/ Yoast SEO plugin. -->","yoast_head_json":{"title":"Kontakt - Clean&#039;n&#039;Green","description":"Kontaktn\u00ed informace ke spole\u010dnosti CLEAN'N'GREEN s.r.o., se s\u00eddlem Rusk\u00e1 45, 506 01 Ji\u010d\u00edn. V p\u0159\u00edpad\u011b jak\u00fdchkoliv dotaz\u016f n\u00e1s kontaktujte.","robots":{"index":"index","follow":"follow","max-snippet":"max-snippet:-1","max-image-preview":"max-image-preview:large","max-video-preview":"max-video-preview:-1"},"canonical":"https:\/\/cleanngreen.cz\/de\/kontakt\/","og_locale":"de_DE","og_type":"article","og_title":"Kontakt - Clean&#039;n&#039;Green","og_description":"Kontaktn\u00ed informace ke spole\u010dnosti CLEAN'N'GREEN s.r.o., se s\u00eddlem Rusk\u00e1 45, 506 01 Ji\u010d\u00edn. V p\u0159\u00edpad\u011b jak\u00fdchkoliv dotaz\u016f n\u00e1s kontaktujte.","og_url":"https:\/\/cleanngreen.cz\/de\/kontakt\/","og_site_name":"Clean&#039;n&#039;Green","article_publisher":"https:\/\/www.facebook.com\/uklid.cleanngreen\/","article_modified_time":"2022-06-13T07:58:16+00:00","og_image":[{"width":447,"height":200,"url":"https:\/\/cleanngreen.cz\/wp-content\/uploads\/2021\/02\/cleanngreen-logo_resized.png","type":"image\/png"}],"twitter_card":"summary_large_image","twitter_misc":{"Gesch\u00e4tzte Lesezeit":"1\u00a0Minute"},"schema":{"@context":"https:\/\/schema.org","@graph":[{"@type":"WebPage","@id":"https:\/\/cleanngreen.cz\/kontakt\/","url":"https:\/\/cleanngreen.cz\/kontakt\/","name":"Kontakt - Clean&#039;n&#039;Green","isPartOf":{"@id":"https:\/\/cleanngreen.cz\/#website"},"datePublished":"2021-02-16T17:19:29+00:00","dateModified":"2022-06-13T07:58:16+00:00","description":"Kontaktn\u00ed informace ke spole\u010dnosti CLEAN'N'GREEN s.r.o., se s\u00eddlem Rusk\u00e1 45, 506 01 Ji\u010d\u00edn. V p\u0159\u00edpad\u011b jak\u00fdchkoliv dotaz\u016f n\u00e1s kontaktujte.","breadcrumb":{"@id":"https:\/\/cleanngreen.cz\/kontakt\/#breadcrumb"},"inLanguage":"de","potentialAction":[{"@type":"ReadAction","target":["https:\/\/cleanngreen.cz\/kontakt\/"]}]},{"@type":"BreadcrumbList","@id":"https:\/\/cleanngreen.cz\/kontakt\/#breadcrumb","itemListElement":[{"@type":"ListItem","position":1,"name":"Dom\u016f","item":"https:\/\/cleanngreen.cz\/"},{"@type":"ListItem","position":2,"name":"Kontakt"}]},{"@type":"WebSite","@id":"https:\/\/cleanngreen.cz\/#website","url":"https:\/\/cleanngreen.cz\/","name":"Clean&#039;n&#039;Green","description":"P\u0159em\u00fd\u0161l\u00edme o \u00faklidu jinak","publisher":{"@id":"https:\/\/cleanngreen.cz\/#organization"},"potentialAction":[{"@type":"SearchAction","target":{"@type":"EntryPoint","urlTemplate":"https:\/\/cleanngreen.cz\/?s={search_term_string}"},"query-input":{"@type":"PropertyValueSpecification","valueRequired":true,"valueName":"search_term_string"}}],"inLanguage":"de"},{"@type":"Organization","@id":"https:\/\/cleanngreen.cz\/#organization","name":"Clean'n'Green s.r.o.","url":"https:\/\/cleanngreen.cz\/","logo":{"@type":"ImageObject","inLanguage":"de","@id":"https:\/\/cleanngreen.cz\/#\/schema\/logo\/image\/","url":"https:\/\/cleanngreen.cz\/wp-content\/uploads\/2021\/02\/cleanngreen-logo_resized.png","contentUrl":"https:\/\/cleanngreen.cz\/wp-content\/uploads\/2021\/02\/cleanngreen-logo_resized.png","width":447,"height":200,"caption":"Clean'n'Green s.r.o."},"image":{"@id":"https:\/\/cleanngreen.cz\/#\/schema\/logo\/image\/"},"sameAs":["https:\/\/www.facebook.com\/uklid.cleanngreen\/","https:\/\/www.instagram.com\/cleanngreen.cz\/"]}]}},"_links":{"self":[{"href":"https:\/\/cleanngreen.cz\/de\/wp-json\/wp\/v2\/pages\/1384","targetHints":{"allow":["GET"]}}],"collection":[{"href":"https:\/\/cleanngreen.cz\/de\/wp-json\/wp\/v2\/pages"}],"about":[{"href":"https:\/\/cleanngreen.cz\/de\/wp-json\/wp\/v2\/types\/page"}],"author":[{"embeddable":true,"href":"https:\/\/cleanngreen.cz\/de\/wp-json\/wp\/v2\/users\/1"}],"replies":[{"embeddable":true,"href":"https:\/\/cleanngreen.cz\/de\/wp-json\/wp\/v2\/comments?post=1384"}],"version-history":[{"count":29,"href":"https:\/\/cleanngreen.cz\/de\/wp-json\/wp\/v2\/pages\/1384\/revisions"}],"predecessor-version":[{"id":2117,"href":"https:\/\/cleanngreen.cz\/de\/wp-json\/wp\/v2\/pages\/1384\/revisions\/2117"}],"wp:attachment":[{"href":"https:\/\/cleanngreen.cz\/de\/wp-json\/wp\/v2\/media?parent=1384"}],"curies":[{"name":"wp","href":"https:\/\/api.w.org\/{rel}","templated":true}]}}