{"id":1970,"date":"2021-05-05T16:07:27","date_gmt":"2021-05-05T14:07:27","guid":{"rendered":"https:\/\/cleanngreen.cz\/blog-template-copy\/"},"modified":"2021-08-18T09:49:22","modified_gmt":"2021-08-18T07:49:22","slug":"blog","status":"publish","type":"page","link":"https:\/\/cleanngreen.cz\/en\/blog\/","title":{"rendered":"Blog"},"content":{"rendered":"<div class=\"vc_row wpb_row vc_row-fluid padding-bottom-100 page-margin-top-section\"><div class=\"wpb_column vc_column_container vc_col-sm-9\"><div class=\"wpb_wrapper\"><div class=\"vc_row wpb_row vc_row-fluid blog-row\"><ul class=\"blog clearfix\"><li class=\"post post-2010 type-post status-publish format-standard has-post-thumbnail hentry category-uklid-kancelari-2 category-uklid-komercnich-prostor\"><a class=\"post-image\" href=\"https:\/\/cleanngreen.cz\/en\/2021\/05\/20\/nedezinfikujte-spinu\/\" title=\"Nedezinfikujte \u0161p\u00ednu!\"><div class=\"post-date\">\n\t\t\t\t\t<div class=\"month\">MAY<\/div>\n\t\t\t\t\t<h4>20<\/h4>\n\t\t\t\t<\/div><img loading=\"lazy\" decoding=\"async\" width=\"870\" height=\"400\" src=\"https:\/\/cleanngreen.cz\/wp-content\/uploads\/2021\/05\/dezinfekce-1-870x400.png\" class=\"attachment-blog-post-thumb size-blog-post-thumb wp-post-image\" alt=\"Nedezinfikujte \u0161p\u00ednu!\" title=\"\" \/><\/a><h2><a href=\"https:\/\/cleanngreen.cz\/en\/2021\/05\/20\/nedezinfikujte-spinu\/\" title=\"Nedezinfikujte \u0161p\u00ednu!\">Nedezinfikujte \u0161p\u00ednu!<\/a><\/h2><div class=\"post-content-details-container clearfix\"><ul class=\"post-content-details left\"><li>20. 5. 2021<\/li><li>in <a class=\"category-58\" href=\"https:\/\/cleanngreen.cz\/en\/category\/uklid-kancelari-2\/\" title=\"View all posts filed under \u00daklid kancel\u00e1\u0159\u00ed\">\u00daklid kancel\u00e1\u0159\u00ed<\/a>, <a class=\"category-57\" href=\"https:\/\/cleanngreen.cz\/en\/category\/uklid-komercnich-prostor\/\" title=\"View all posts filed under \u00daklid komer\u010dn\u00edch prostor\">\u00daklid komer\u010dn\u00edch prostor<\/a><\/li><li>by <a href=\"https:\/\/cleanngreen.cz\/en\/author\/eshop\/\" title=\"Nikol Bechy\u0148ov\u00e1\">Nikol Bechy\u0148ov\u00e1<\/a><\/li><\/ul><ul class=\"post-content-details right\"><li class=\"template-display\">2368<\/li><li class=\"template-comment\"><a href=\"https:\/\/cleanngreen.cz\/en\/2021\/05\/20\/nedezinfikujte-spinu\/#respond\" title=\"0 comments\">0<\/a><\/li><\/ul><\/div><p>Dezinfekce, dnes tolik diskutovan\u00fd proces. M\u00e1lokdo v\u0161ak v\u00ed, jak m\u00e1 dezinfekce doopravdy vypadat. Chybn\u00fdm, p\u0159esto velmi \u010dast\u00fdm trendem je, \u017ee firmy sv\u00e9 prostory, podlahy, toalety, \u0161atny, ohmatov\u00e9 plochy (kliky, vyp\u00edna\u010de, z\u00e1bradl\u00ed, atd) plo\u0161n\u011b dezinfikuj\u00ed, ale bez p\u0159edchoz\u00edho d\u016fkladn\u00e9ho \u00faklidu. Pokud se p\u0159ed dezinfekc\u00ed takov\u00fd&#8230; <a title=\"Read more\" href=\"https:\/\/cleanngreen.cz\/en\/2021\/05\/20\/nedezinfikujte-spinu\/\">Read more<\/a><\/p>\n<\/li><li class=\"post post-1996 type-post status-publish format-standard has-post-thumbnail hentry category-uklid-domacnosti\"><a class=\"post-image\" href=\"https:\/\/cleanngreen.cz\/en\/2021\/05\/19\/uklid-domacnosti-2\/\" title=\"\u00daKLID DOM\u00c1CNOSTI\"><div class=\"post-date\">\n\t\t\t\t\t<div class=\"month\">MAY<\/div>\n\t\t\t\t\t<h4>19<\/h4>\n\t\t\t\t<\/div><img loading=\"lazy\" decoding=\"async\" width=\"870\" height=\"400\" src=\"https:\/\/cleanngreen.cz\/wp-content\/uploads\/2021\/05\/kyblrukavice-870x400.jpg\" class=\"attachment-blog-post-thumb size-blog-post-thumb wp-post-image\" alt=\"\u00daKLID DOM\u00c1CNOSTI\" title=\"\" \/><\/a><h2><a href=\"https:\/\/cleanngreen.cz\/en\/2021\/05\/19\/uklid-domacnosti-2\/\" title=\"\u00daKLID DOM\u00c1CNOSTI\">\u00daKLID DOM\u00c1CNOSTI<\/a><\/h2><div class=\"post-content-details-container clearfix\"><ul class=\"post-content-details left\"><li>19. 5. 2021<\/li><li>in <a class=\"category-55\" href=\"https:\/\/cleanngreen.cz\/en\/category\/uklid-domacnosti\/\" title=\"View all posts filed under \u00daklid dom\u00e1cnosti\">\u00daklid dom\u00e1cnosti<\/a><\/li><li>by <a href=\"https:\/\/cleanngreen.cz\/en\/author\/eshop\/\" title=\"Nikol Bechy\u0148ov\u00e1\">Nikol Bechy\u0148ov\u00e1<\/a><\/li><\/ul><ul class=\"post-content-details right\"><li class=\"template-display\">2511<\/li><li class=\"template-comment\"><a href=\"https:\/\/cleanngreen.cz\/en\/2021\/05\/19\/uklid-domacnosti-2\/#respond\" title=\"0 comments\">0<\/a><\/li><\/ul><\/div><p>Co se V\u00e1m vybav\u00ed, kdy\u017e se \u0159ekne \u201e\u00faklid dom\u00e1cnosti\u201c?? N\u011bkomu k\u00fdbl s vodou, rukavice, chemick\u00fd z\u00e1pach \u00faklidov\u00fdch prost\u0159edk\u016f, a ko\u0161t\u011b s hadrem. A\u0165 u\u017e pou\u017e\u00edv\u00e1te p\u0159i \u00faklidu cokoliv, p\u0159ed t\u00edm, ne\u017e namo\u010d\u00edme ruce do k\u00fdble mus\u00edme si doma nejd\u0159\u00edv \u201ep\u0159ipravit\u201c na \u00faklid. J\u00e1 doma nejprve posb\u00edr\u00e1m v\u0161echny povaluj\u00edc\u00ed&#8230; <a title=\"Read more\" href=\"https:\/\/cleanngreen.cz\/en\/2021\/05\/19\/uklid-domacnosti-2\/\">Read more<\/a><\/p>\n<\/li><\/ul><\/div><\/div><\/div><div class=\"wpb_column vc_column_container vc_col-sm-3 cm-smart-column\"><div class=\"wpb_wrapper\"><div  class=\"vc_wp_categories wpb_content_element clearfix\"><div class=\"widget widget_categories\"><h2 class=\"widgettitle cm-hidden\">Categories<\/h2>\n\t\t\t<ul>\n\t\t\t\t\t<li class=\"cat-item cat-item-55\"><a href=\"https:\/\/cleanngreen.cz\/en\/category\/uklid-domacnosti\/\">\u00daklid dom\u00e1cnosti<span>1<\/span><\/a>\n<\/li>\n\t<li class=\"cat-item cat-item-58\"><a href=\"https:\/\/cleanngreen.cz\/en\/category\/uklid-kancelari-2\/\">\u00daklid kancel\u00e1\u0159\u00ed<span>1<\/span><\/a>\n<\/li>\n\t<li class=\"cat-item cat-item-57\"><a href=\"https:\/\/cleanngreen.cz\/en\/category\/uklid-komercnich-prostor\/\">\u00daklid komer\u010dn\u00edch prostor<span>1<\/span><\/a>\n<\/li>\n\t\t\t<\/ul>\n\n\t\t\t<\/div><\/div><h6 class=\"box-header page-margin-top\">RECENT POSTS<\/h6><div class=\"vc_row wpb_row vc_row-fluid\"><ul class=\"blog clearfix small margin-top-30\"><li class=\"small post post-2010 type-post status-publish format-standard has-post-thumbnail hentry category-uklid-kancelari-2 category-uklid-komercnich-prostor\"><a class=\"post-image\" href=\"https:\/\/cleanngreen.cz\/en\/2021\/05\/20\/nedezinfikujte-spinu\/\" title=\"Nedezinfikujte \u0161p\u00ednu!\"><img loading=\"lazy\" decoding=\"async\" width=\"90\" height=\"90\" src=\"https:\/\/cleanngreen.cz\/wp-content\/uploads\/2021\/05\/dezinfekce-1-90x90.png\" class=\"attachment-tiny-thumb size-tiny-thumb wp-post-image\" alt=\"Nedezinfikujte \u0161p\u00ednu!\" title=\"\" srcset=\"https:\/\/cleanngreen.cz\/wp-content\/uploads\/2021\/05\/dezinfekce-1-90x90.png 90w, https:\/\/cleanngreen.cz\/wp-content\/uploads\/2021\/05\/dezinfekce-1-300x300.png 300w, https:\/\/cleanngreen.cz\/wp-content\/uploads\/2021\/05\/dezinfekce-1-1024x1024.png 1024w, https:\/\/cleanngreen.cz\/wp-content\/uploads\/2021\/05\/dezinfekce-1-150x150.png 150w, https:\/\/cleanngreen.cz\/wp-content\/uploads\/2021\/05\/dezinfekce-1-768x768.png 768w, https:\/\/cleanngreen.cz\/wp-content\/uploads\/2021\/05\/dezinfekce-1-480x480.png 480w, https:\/\/cleanngreen.cz\/wp-content\/uploads\/2021\/05\/dezinfekce-1-260x260.png 260w, https:\/\/cleanngreen.cz\/wp-content\/uploads\/2021\/05\/dezinfekce-1-600x600.png 600w, https:\/\/cleanngreen.cz\/wp-content\/uploads\/2021\/05\/dezinfekce-1.png 1080w\" sizes=\"auto, (max-width: 90px) 100vw, 90px\" \/><\/a><div class=\"post-content\"><a href=\"https:\/\/cleanngreen.cz\/en\/2021\/05\/20\/nedezinfikujte-spinu\/\" title=\"Nedezinfikujte \u0161p\u00ednu!\">Nedezinfikujte \u0161p\u00ednu!<\/a><ul class=\"post-content-details left\"><li>20. 5. 2021<\/li><\/ul><\/div><\/li><li class=\"small post post-1996 type-post status-publish format-standard has-post-thumbnail hentry category-uklid-domacnosti\"><a class=\"post-image\" href=\"https:\/\/cleanngreen.cz\/en\/2021\/05\/19\/uklid-domacnosti-2\/\" title=\"\u00daKLID DOM\u00c1CNOSTI\"><img loading=\"lazy\" decoding=\"async\" width=\"90\" height=\"90\" src=\"https:\/\/cleanngreen.cz\/wp-content\/uploads\/2021\/05\/kyblrukavice-90x90.jpg\" class=\"attachment-tiny-thumb size-tiny-thumb wp-post-image\" alt=\"\u00daKLID DOM\u00c1CNOSTI\" title=\"\" srcset=\"https:\/\/cleanngreen.cz\/wp-content\/uploads\/2021\/05\/kyblrukavice-90x90.jpg 90w, https:\/\/cleanngreen.cz\/wp-content\/uploads\/2021\/05\/kyblrukavice-150x150.jpg 150w, https:\/\/cleanngreen.cz\/wp-content\/uploads\/2021\/05\/kyblrukavice-480x480.jpg 480w, https:\/\/cleanngreen.cz\/wp-content\/uploads\/2021\/05\/kyblrukavice-260x260.jpg 260w, https:\/\/cleanngreen.cz\/wp-content\/uploads\/2021\/05\/kyblrukavice-300x300.jpg 300w\" sizes=\"auto, (max-width: 90px) 100vw, 90px\" \/><\/a><div class=\"post-content\"><a href=\"https:\/\/cleanngreen.cz\/en\/2021\/05\/19\/uklid-domacnosti-2\/\" title=\"\u00daKLID DOM\u00c1CNOSTI\">\u00daKLID DOM\u00c1CNOSTI<\/a><ul class=\"post-content-details left\"><li>19. 5. 2021<\/li><\/ul><\/div><\/li><\/ul><\/div><h6 class=\"box-header page-margin-top\">MOST VIEWED<\/h6><div class=\"vc_row wpb_row vc_row-fluid\"><ul class=\"blog clearfix small margin-top-30\"><li class=\"small post post-1996 type-post status-publish format-standard has-post-thumbnail hentry category-uklid-domacnosti\"><a class=\"post-image\" href=\"https:\/\/cleanngreen.cz\/en\/2021\/05\/19\/uklid-domacnosti-2\/\" title=\"\u00daKLID DOM\u00c1CNOSTI\"><img loading=\"lazy\" decoding=\"async\" width=\"90\" height=\"90\" src=\"https:\/\/cleanngreen.cz\/wp-content\/uploads\/2021\/05\/kyblrukavice-90x90.jpg\" class=\"attachment-tiny-thumb size-tiny-thumb wp-post-image\" alt=\"\u00daKLID DOM\u00c1CNOSTI\" title=\"\" srcset=\"https:\/\/cleanngreen.cz\/wp-content\/uploads\/2021\/05\/kyblrukavice-90x90.jpg 90w, https:\/\/cleanngreen.cz\/wp-content\/uploads\/2021\/05\/kyblrukavice-150x150.jpg 150w, https:\/\/cleanngreen.cz\/wp-content\/uploads\/2021\/05\/kyblrukavice-480x480.jpg 480w, https:\/\/cleanngreen.cz\/wp-content\/uploads\/2021\/05\/kyblrukavice-260x260.jpg 260w, https:\/\/cleanngreen.cz\/wp-content\/uploads\/2021\/05\/kyblrukavice-300x300.jpg 300w\" sizes=\"auto, (max-width: 90px) 100vw, 90px\" \/><\/a><div class=\"post-content\"><a href=\"https:\/\/cleanngreen.cz\/en\/2021\/05\/19\/uklid-domacnosti-2\/\" title=\"\u00daKLID DOM\u00c1CNOSTI\">\u00daKLID DOM\u00c1CNOSTI<\/a><ul class=\"post-content-details left\"><li>2511 views<\/li><\/ul><\/div><\/li><li class=\"small post post-2010 type-post status-publish format-standard has-post-thumbnail hentry category-uklid-kancelari-2 category-uklid-komercnich-prostor\"><a class=\"post-image\" href=\"https:\/\/cleanngreen.cz\/en\/2021\/05\/20\/nedezinfikujte-spinu\/\" title=\"Nedezinfikujte \u0161p\u00ednu!\"><img loading=\"lazy\" decoding=\"async\" width=\"90\" height=\"90\" src=\"https:\/\/cleanngreen.cz\/wp-content\/uploads\/2021\/05\/dezinfekce-1-90x90.png\" class=\"attachment-tiny-thumb size-tiny-thumb wp-post-image\" alt=\"Nedezinfikujte \u0161p\u00ednu!\" title=\"\" srcset=\"https:\/\/cleanngreen.cz\/wp-content\/uploads\/2021\/05\/dezinfekce-1-90x90.png 90w, https:\/\/cleanngreen.cz\/wp-content\/uploads\/2021\/05\/dezinfekce-1-300x300.png 300w, https:\/\/cleanngreen.cz\/wp-content\/uploads\/2021\/05\/dezinfekce-1-1024x1024.png 1024w, https:\/\/cleanngreen.cz\/wp-content\/uploads\/2021\/05\/dezinfekce-1-150x150.png 150w, https:\/\/cleanngreen.cz\/wp-content\/uploads\/2021\/05\/dezinfekce-1-768x768.png 768w, https:\/\/cleanngreen.cz\/wp-content\/uploads\/2021\/05\/dezinfekce-1-480x480.png 480w, https:\/\/cleanngreen.cz\/wp-content\/uploads\/2021\/05\/dezinfekce-1-260x260.png 260w, https:\/\/cleanngreen.cz\/wp-content\/uploads\/2021\/05\/dezinfekce-1-600x600.png 600w, https:\/\/cleanngreen.cz\/wp-content\/uploads\/2021\/05\/dezinfekce-1.png 1080w\" sizes=\"auto, (max-width: 90px) 100vw, 90px\" \/><\/a><div class=\"post-content\"><a href=\"https:\/\/cleanngreen.cz\/en\/2021\/05\/20\/nedezinfikujte-spinu\/\" title=\"Nedezinfikujte \u0161p\u00ednu!\">Nedezinfikujte \u0161p\u00ednu!<\/a><ul class=\"post-content-details left\"><li>2368 views<\/li><\/ul><\/div><\/li><\/ul><\/div><div  class=\"vc_wp_archives wpb_content_element full-width page-margin-top clearfix\"><div class=\"widget widget_archive\"><h2 class=\"widgettitle\">ARCHIVES<\/h2>\n\t\t\t<ul>\n\t\t\t\t\t<li><a href='https:\/\/cleanngreen.cz\/en\/2021\/05\/'>May 2021<span>2<\/span><\/a><\/li>\n\t\t\t<\/ul>\n\n\t\t\t<\/div><\/div><div  class=\"vc_wp_tagcloud wpb_content_element page-margin-top clearfix\"><\/div><\/div><\/div><\/div>","protected":false},"excerpt":{"rendered":"Dezinfekce, dnes tolik diskutovan\u00fd proces. M\u00e1lokdo v\u0161ak v\u00ed, jak m\u00e1 dezinfekce doopravdy vypadat. Chybn\u00fdm, p\u0159esto velmi \u010dast\u00fdm trendem je, \u017ee firmy sv\u00e9 prostory, podlahy, toalety, \u0161atny, ohmatov\u00e9 plochy (kliky, vyp\u00edna\u010de, z\u00e1bradl\u00ed, atd) plo\u0161n\u011b dezinfikuj\u00ed, ale bez p\u0159edchoz\u00edho d\u016fkladn\u00e9ho \u00faklidu. Pokud se p\u0159ed dezinfekc\u00ed takov\u00fd \u00faklid neprovede, nevytvo\u0159\u00ed se tzv. dezinfek\u010dn\u00ed film. V\u00a0prvn\u00ed \u0159ad\u011b mus\u00ed p\u0159ij\u00edt","protected":false},"author":1,"featured_media":2022,"parent":0,"menu_order":0,"comment_status":"closed","ping_status":"closed","template":"template-blog.php","meta":{"footnotes":""},"class_list":["post-1970","page","type-page","status-publish","has-post-thumbnail","hentry"],"yoast_head":"<!-- This site is optimized with the Yoast SEO plugin v24.3 - https:\/\/yoast.com\/wordpress\/plugins\/seo\/ -->\n<title>Blog - Clean&#039;n&#039;Green<\/title>\n<meta name=\"description\" content=\"Blog spole\u010dnosti Clean&#039;n&#039;Green. Praktick\u00e9 rady a tipy jak na \u00faklid dom\u00e1cnost\u00ed, kancel\u00e1\u0159\u00ed a komer\u010dn\u00edch prostor.\" \/>\n<meta name=\"robots\" content=\"index, follow, max-snippet:-1, max-image-preview:large, max-video-preview:-1\" \/>\n<link rel=\"canonical\" href=\"https:\/\/cleanngreen.cz\/en\/blog\/\" \/>\n<meta property=\"og:locale\" content=\"en_US\" \/>\n<meta property=\"og:type\" content=\"article\" \/>\n<meta property=\"og:title\" content=\"Blog - Clean&#039;n&#039;Green\" \/>\n<meta property=\"og:description\" content=\"Blog spole\u010dnosti Clean&#039;n&#039;Green. Praktick\u00e9 rady a tipy jak na \u00faklid dom\u00e1cnost\u00ed, kancel\u00e1\u0159\u00ed a komer\u010dn\u00edch prostor.\" \/>\n<meta property=\"og:url\" content=\"https:\/\/cleanngreen.cz\/en\/blog\/\" \/>\n<meta property=\"og:site_name\" content=\"Clean&#039;n&#039;Green\" \/>\n<meta property=\"article:publisher\" content=\"https:\/\/www.facebook.com\/uklid.cleanngreen\/\" \/>\n<meta property=\"article:modified_time\" content=\"2021-08-18T07:49:22+00:00\" \/>\n<meta property=\"og:image\" content=\"https:\/\/cleanngreen.cz\/wp-content\/uploads\/2021\/05\/blog-ruce2.jpg\" \/>\n\t<meta property=\"og:image:width\" content=\"1600\" \/>\n\t<meta property=\"og:image:height\" content=\"1250\" \/>\n\t<meta property=\"og:image:type\" content=\"image\/jpeg\" \/>\n<meta name=\"twitter:card\" content=\"summary_large_image\" \/>\n<meta name=\"twitter:label1\" content=\"Est. reading time\" \/>\n\t<meta name=\"twitter:data1\" content=\"1 minute\" \/>\n<script type=\"application\/ld+json\" class=\"yoast-schema-graph\">{\"@context\":\"https:\/\/schema.org\",\"@graph\":[{\"@type\":\"WebPage\",\"@id\":\"https:\/\/cleanngreen.cz\/blog\/\",\"url\":\"https:\/\/cleanngreen.cz\/blog\/\",\"name\":\"Blog - Clean&#039;n&#039;Green\",\"isPartOf\":{\"@id\":\"https:\/\/cleanngreen.cz\/#website\"},\"primaryImageOfPage\":{\"@id\":\"https:\/\/cleanngreen.cz\/blog\/#primaryimage\"},\"image\":{\"@id\":\"https:\/\/cleanngreen.cz\/blog\/#primaryimage\"},\"thumbnailUrl\":\"https:\/\/cleanngreen.cz\/wp-content\/uploads\/2021\/05\/blog-ruce2.jpg\",\"datePublished\":\"2021-05-05T14:07:27+00:00\",\"dateModified\":\"2021-08-18T07:49:22+00:00\",\"description\":\"Blog spole\u010dnosti Clean'n'Green. Praktick\u00e9 rady a tipy jak na \u00faklid dom\u00e1cnost\u00ed, kancel\u00e1\u0159\u00ed a komer\u010dn\u00edch prostor.\",\"breadcrumb\":{\"@id\":\"https:\/\/cleanngreen.cz\/blog\/#breadcrumb\"},\"inLanguage\":\"en-US\",\"potentialAction\":[{\"@type\":\"ReadAction\",\"target\":[\"https:\/\/cleanngreen.cz\/blog\/\"]}]},{\"@type\":\"ImageObject\",\"inLanguage\":\"en-US\",\"@id\":\"https:\/\/cleanngreen.cz\/blog\/#primaryimage\",\"url\":\"https:\/\/cleanngreen.cz\/wp-content\/uploads\/2021\/05\/blog-ruce2.jpg\",\"contentUrl\":\"https:\/\/cleanngreen.cz\/wp-content\/uploads\/2021\/05\/blog-ruce2.jpg\",\"width\":1600,\"height\":1250},{\"@type\":\"BreadcrumbList\",\"@id\":\"https:\/\/cleanngreen.cz\/blog\/#breadcrumb\",\"itemListElement\":[{\"@type\":\"ListItem\",\"position\":1,\"name\":\"Dom\u016f\",\"item\":\"https:\/\/cleanngreen.cz\/\"},{\"@type\":\"ListItem\",\"position\":2,\"name\":\"Blog\"}]},{\"@type\":\"WebSite\",\"@id\":\"https:\/\/cleanngreen.cz\/#website\",\"url\":\"https:\/\/cleanngreen.cz\/\",\"name\":\"Clean&#039;n&#039;Green\",\"description\":\"P\u0159em\u00fd\u0161l\u00edme o \u00faklidu jinak\",\"publisher\":{\"@id\":\"https:\/\/cleanngreen.cz\/#organization\"},\"potentialAction\":[{\"@type\":\"SearchAction\",\"target\":{\"@type\":\"EntryPoint\",\"urlTemplate\":\"https:\/\/cleanngreen.cz\/?s={search_term_string}\"},\"query-input\":{\"@type\":\"PropertyValueSpecification\",\"valueRequired\":true,\"valueName\":\"search_term_string\"}}],\"inLanguage\":\"en-US\"},{\"@type\":\"Organization\",\"@id\":\"https:\/\/cleanngreen.cz\/#organization\",\"name\":\"Clean'n'Green s.r.o.\",\"url\":\"https:\/\/cleanngreen.cz\/\",\"logo\":{\"@type\":\"ImageObject\",\"inLanguage\":\"en-US\",\"@id\":\"https:\/\/cleanngreen.cz\/#\/schema\/logo\/image\/\",\"url\":\"https:\/\/cleanngreen.cz\/wp-content\/uploads\/2021\/02\/cleanngreen-logo_resized.png\",\"contentUrl\":\"https:\/\/cleanngreen.cz\/wp-content\/uploads\/2021\/02\/cleanngreen-logo_resized.png\",\"width\":447,\"height\":200,\"caption\":\"Clean'n'Green s.r.o.\"},\"image\":{\"@id\":\"https:\/\/cleanngreen.cz\/#\/schema\/logo\/image\/\"},\"sameAs\":[\"https:\/\/www.facebook.com\/uklid.cleanngreen\/\",\"https:\/\/www.instagram.com\/cleanngreen.cz\/\"]}]}<\/script>\n<!-- \/ Yoast SEO plugin. -->","yoast_head_json":{"title":"Blog - Clean&#039;n&#039;Green","description":"Blog spole\u010dnosti Clean'n'Green. Praktick\u00e9 rady a tipy jak na \u00faklid dom\u00e1cnost\u00ed, kancel\u00e1\u0159\u00ed a komer\u010dn\u00edch prostor.","robots":{"index":"index","follow":"follow","max-snippet":"max-snippet:-1","max-image-preview":"max-image-preview:large","max-video-preview":"max-video-preview:-1"},"canonical":"https:\/\/cleanngreen.cz\/en\/blog\/","og_locale":"en_US","og_type":"article","og_title":"Blog - Clean&#039;n&#039;Green","og_description":"Blog spole\u010dnosti Clean'n'Green. Praktick\u00e9 rady a tipy jak na \u00faklid dom\u00e1cnost\u00ed, kancel\u00e1\u0159\u00ed a komer\u010dn\u00edch prostor.","og_url":"https:\/\/cleanngreen.cz\/en\/blog\/","og_site_name":"Clean&#039;n&#039;Green","article_publisher":"https:\/\/www.facebook.com\/uklid.cleanngreen\/","article_modified_time":"2021-08-18T07:49:22+00:00","og_image":[{"width":1600,"height":1250,"url":"https:\/\/cleanngreen.cz\/wp-content\/uploads\/2021\/05\/blog-ruce2.jpg","type":"image\/jpeg"}],"twitter_card":"summary_large_image","twitter_misc":{"Est. reading time":"1 minute"},"schema":{"@context":"https:\/\/schema.org","@graph":[{"@type":"WebPage","@id":"https:\/\/cleanngreen.cz\/blog\/","url":"https:\/\/cleanngreen.cz\/blog\/","name":"Blog - Clean&#039;n&#039;Green","isPartOf":{"@id":"https:\/\/cleanngreen.cz\/#website"},"primaryImageOfPage":{"@id":"https:\/\/cleanngreen.cz\/blog\/#primaryimage"},"image":{"@id":"https:\/\/cleanngreen.cz\/blog\/#primaryimage"},"thumbnailUrl":"https:\/\/cleanngreen.cz\/wp-content\/uploads\/2021\/05\/blog-ruce2.jpg","datePublished":"2021-05-05T14:07:27+00:00","dateModified":"2021-08-18T07:49:22+00:00","description":"Blog spole\u010dnosti Clean'n'Green. Praktick\u00e9 rady a tipy jak na \u00faklid dom\u00e1cnost\u00ed, kancel\u00e1\u0159\u00ed a komer\u010dn\u00edch prostor.","breadcrumb":{"@id":"https:\/\/cleanngreen.cz\/blog\/#breadcrumb"},"inLanguage":"en-US","potentialAction":[{"@type":"ReadAction","target":["https:\/\/cleanngreen.cz\/blog\/"]}]},{"@type":"ImageObject","inLanguage":"en-US","@id":"https:\/\/cleanngreen.cz\/blog\/#primaryimage","url":"https:\/\/cleanngreen.cz\/wp-content\/uploads\/2021\/05\/blog-ruce2.jpg","contentUrl":"https:\/\/cleanngreen.cz\/wp-content\/uploads\/2021\/05\/blog-ruce2.jpg","width":1600,"height":1250},{"@type":"BreadcrumbList","@id":"https:\/\/cleanngreen.cz\/blog\/#breadcrumb","itemListElement":[{"@type":"ListItem","position":1,"name":"Dom\u016f","item":"https:\/\/cleanngreen.cz\/"},{"@type":"ListItem","position":2,"name":"Blog"}]},{"@type":"WebSite","@id":"https:\/\/cleanngreen.cz\/#website","url":"https:\/\/cleanngreen.cz\/","name":"Clean&#039;n&#039;Green","description":"P\u0159em\u00fd\u0161l\u00edme o \u00faklidu jinak","publisher":{"@id":"https:\/\/cleanngreen.cz\/#organization"},"potentialAction":[{"@type":"SearchAction","target":{"@type":"EntryPoint","urlTemplate":"https:\/\/cleanngreen.cz\/?s={search_term_string}"},"query-input":{"@type":"PropertyValueSpecification","valueRequired":true,"valueName":"search_term_string"}}],"inLanguage":"en-US"},{"@type":"Organization","@id":"https:\/\/cleanngreen.cz\/#organization","name":"Clean'n'Green s.r.o.","url":"https:\/\/cleanngreen.cz\/","logo":{"@type":"ImageObject","inLanguage":"en-US","@id":"https:\/\/cleanngreen.cz\/#\/schema\/logo\/image\/","url":"https:\/\/cleanngreen.cz\/wp-content\/uploads\/2021\/02\/cleanngreen-logo_resized.png","contentUrl":"https:\/\/cleanngreen.cz\/wp-content\/uploads\/2021\/02\/cleanngreen-logo_resized.png","width":447,"height":200,"caption":"Clean'n'Green s.r.o."},"image":{"@id":"https:\/\/cleanngreen.cz\/#\/schema\/logo\/image\/"},"sameAs":["https:\/\/www.facebook.com\/uklid.cleanngreen\/","https:\/\/www.instagram.com\/cleanngreen.cz\/"]}]}},"_links":{"self":[{"href":"https:\/\/cleanngreen.cz\/en\/wp-json\/wp\/v2\/pages\/1970","targetHints":{"allow":["GET"]}}],"collection":[{"href":"https:\/\/cleanngreen.cz\/en\/wp-json\/wp\/v2\/pages"}],"about":[{"href":"https:\/\/cleanngreen.cz\/en\/wp-json\/wp\/v2\/types\/page"}],"author":[{"embeddable":true,"href":"https:\/\/cleanngreen.cz\/en\/wp-json\/wp\/v2\/users\/1"}],"replies":[{"embeddable":true,"href":"https:\/\/cleanngreen.cz\/en\/wp-json\/wp\/v2\/comments?post=1970"}],"version-history":[{"count":6,"href":"https:\/\/cleanngreen.cz\/en\/wp-json\/wp\/v2\/pages\/1970\/revisions"}],"predecessor-version":[{"id":2030,"href":"https:\/\/cleanngreen.cz\/en\/wp-json\/wp\/v2\/pages\/1970\/revisions\/2030"}],"wp:featuredmedia":[{"embeddable":true,"href":"https:\/\/cleanngreen.cz\/en\/wp-json\/wp\/v2\/media\/2022"}],"wp:attachment":[{"href":"https:\/\/cleanngreen.cz\/en\/wp-json\/wp\/v2\/media?parent=1970"}],"curies":[{"name":"wp","href":"https:\/\/api.w.org\/{rel}","templated":true}]}}