{"id":2037,"date":"2021-06-10T21:25:33","date_gmt":"2021-06-10T19:25:33","guid":{"rendered":"https:\/\/cleanngreen.cz\/clients-opinions-copy\/"},"modified":"2021-08-18T09:58:31","modified_gmt":"2021-08-18T07:58:31","slug":"reference","status":"publish","type":"page","link":"https:\/\/cleanngreen.cz\/en\/reference\/","title":{"rendered":"References"},"content":{"rendered":"<div class=\"vc_row wpb_row vc_row-fluid padding-top-112 padding-bottom-115 vc_custom_1510321730011 vc_row-has-fill full-width cm-parallax cm-overlay\"><div class=\"wpb_column vc_column_container vc_col-sm-12\"><div class=\"wpb_wrapper\"><div class=\"vc_row wpb_row vc_inner vc_row-fluid\"><div class=\"wpb_column vc_column_container vc_col-sm-12\"><div class=\"vc_column-inner\"><div class=\"wpb_wrapper\"><div class=\"testimonials-container type-big\"><a href=\"#\" class=\"slider-control left template-arrow-horizontal-3\"><\/a><ul class=\"testimonials-list testimonials-carousel autoplay-1 pause_on_hover-1 scroll-1 effect-scroll easing-easeInOutQuint duration-750\"><li>\r\n\t\t\t\t\t<div class=\"testimonials-icon template-quote\"><\/div>\r\n\t\t\t\t\t<p>The Clean\u00b4n\u00b4Green company provides us with regular cleaning at our beloved grandmother's house, because she is no longer able to do it herself. We are extremely satisfied, both with the approach to work and from a human point of view. And I can guarantee that my grandmother's strict eye will not miss any detail, she will be happy to check the result of the work herself, we have not found any shortcomings yet, which I think is rare nowadays and it is also the best possible reference.<\/p>\r\n\t\t\t\t\t\r\n\t\t\t\t\t<h6>Barbora H.<\/h6>\r\n\t\t\t\t\t\r\n\t\t\t\t\t\r\n\t\t\t\t<\/li><li>\r\n\t\t\t\t\t<div class=\"testimonials-icon template-quote\"><\/div>\r\n\t\t\t\t\t<p>I have very good experience with Mrs. Nikol Bechy\u0148ov\u00e1, as with the operational manager of the cleaning order and daily services for our Supermarkets and Bistros. She was always available and ready to solve the problem at any time of the day and hour. She regularly carried out inspections at the premises and ensured the supply of chemicals. So I can only recommend her services in this field.<\/p>\r\n\t\t\t\t\t\r\n\t\t\t\t\t<h6>Luk\u00e1\u0161 Sn\u00ed\u017eek, DELMART s.r.o.<\/h6>\r\n\t\t\t\t\t\r\n\t\t\t\t\t\r\n\t\t\t\t<\/li><li>\r\n\t\t\t\t\t<div class=\"testimonials-icon template-quote\"><\/div>\r\n\t\t\t\t\t<p>I ordered Clean'n'Green to wash the windows and I was extremely satisfied. The approach of the staff was professional and the cleaning very careful, the windows shine with cleanliness. I have already agreed on another window wash and I think that I will also ask the company for general cleaning. I can only recommend!<\/p>\r\n\t\t\t\t\t\r\n\t\t\t\t\t<h6>Karol\u00edna T.<\/h6>\r\n\t\t\t\t\t\r\n\t\t\t\t\t\r\n\t\t\t\t<\/li><\/ul><a href=\"#\" class=\"slider-control right template-arrow-horizontal-3\"><\/a><\/div><\/div><\/div><\/div><\/div><\/div><\/div><\/div><div class=\"vc_row wpb_row vc_row-fluid page-margin-top-section\"><div class=\"wpb_column vc_column_container vc_col-sm-4\"><div class=\"wpb_wrapper\"><div class=\"testimonials-container type-small gray\"><ul class=\"testimonials-list\"><li>\r\n\t\t\t\t\t\r\n\t\t\t\t\t<p class=\"template-quote\">The Clean\u00b4n\u00b4Green company provides us with regular cleaning at our beloved grandmother's house, because she is no longer able to do it herself. We are extremely satisfied, both with the approach to work and from a human point of view. And I can guarantee that my grandmother's strict eye will not miss any detail, she will be happy to check the result of the work herself, we have not found any shortcomings yet, which I think is rare nowadays and it is also the best possible reference.<\/p>\r\n\t\t\t\t\t<div class=\"author-details-box\">\r\n\t\t\t\t\t<div class=\"author\">Barbora H.<\/div>\r\n\t\t\t\t\t\r\n\t\t\t\t\t<\/div>\r\n\t\t\t\t<\/li><\/ul><\/div><\/div><\/div><div class=\"wpb_column vc_column_container vc_col-sm-4\"><div class=\"wpb_wrapper\"><div class=\"testimonials-container type-small gray\"><ul class=\"testimonials-list\"><li>\r\n\t\t\t\t\t\r\n\t\t\t\t\t<p class=\"template-quote\">I have very good experience with Mrs. Nikol Bechy\u0148ov\u00e1, as with the operational manager of the cleaning order and daily services for our Supermarkets and Bistros. She was always available and ready to solve the problem at any time of the day and hour. She regularly carried out inspections at the premises and ensured the supply of chemicals. So I can only recommend her services in this field.<\/p>\r\n\t\t\t\t\t<div class=\"author-details-box\">\r\n\t\t\t\t\t<div class=\"author\">Luk\u00e1\u0161 Sn\u00ed\u017eek, DELMART s.r.o.<\/div>\r\n\t\t\t\t\t\r\n\t\t\t\t\t<\/div>\r\n\t\t\t\t<\/li><\/ul><\/div><\/div><\/div><div class=\"wpb_column vc_column_container vc_col-sm-4\"><div class=\"wpb_wrapper\"><div class=\"testimonials-container type-small gray\"><ul class=\"testimonials-list\"><li>\r\n\t\t\t\t\t\r\n\t\t\t\t\t<p class=\"template-quote\">I ordered Clean'n'Green to wash the windows and I was extremely satisfied. The approach of the staff was professional and the cleaning very careful, the windows shine with cleanliness. I have already agreed on another window wash and I think that I will also ask the company for general cleaning. I can only recommend!<\/p>\r\n\t\t\t\t\t<div class=\"author-details-box\">\r\n\t\t\t\t\t<div class=\"author\">Karol\u00edna T.<\/div>\r\n\t\t\t\t\t\r\n\t\t\t\t\t<\/div>\r\n\t\t\t\t<\/li><\/ul><\/div><\/div><\/div><\/div><div class=\"vc_row wpb_row vc_row-fluid\"><div class=\"wpb_column vc_column_container vc_col-sm-12\"><div class=\"wpb_wrapper\">\n\t<div class=\"wpb_text_column wpb_content_element\" >\n\t\t<div class=\"wpb_wrapper\">\n\t\t\t<p>&nbsp;<\/p>\n\n\t\t<\/div>\n\t<\/div>\n<\/div><\/div><\/div>","protected":false},"excerpt":{"rendered":"Firma Clean\u00b4n\u00b4Green n\u00e1m zaji\u0161\u0165uje pravideln\u00fd \u00faklid u na\u0161\u00ed milovan\u00e9 babi\u010dky, kter\u00e1 na n\u011bj ji\u017e sama nesta\u010d\u00ed. Jsme maxim\u00e1ln\u011b spokojeni, jak s p\u0159\u00edstupem k pr\u00e1ci, tak po lidsk\u00e9 str\u00e1nce. A mohu garantovat, \u017ee babi\u010d\u010dinu p\u0159\u00edsn\u00e9mu oku neunikne \u017e\u00e1dn\u00fd detail, r\u00e1da si sama v\u00fdsledek pr\u00e1ce zkontroluje, \u017e\u00e1dn\u00fd nedostatek jsme dosud neshledali, co\u017e je mysl\u00edm v dne\u0161n\u00ed dob\u011b","protected":false},"author":1,"featured_media":0,"parent":0,"menu_order":0,"comment_status":"closed","ping_status":"closed","template":"","meta":{"footnotes":""},"class_list":["post-2037","page","type-page","status-publish","hentry"],"yoast_head":"<!-- This site is optimized with the Yoast SEO plugin v24.3 - https:\/\/yoast.com\/wordpress\/plugins\/seo\/ -->\n<title>Reference - Clean&#039;n&#039;Green<\/title>\n<meta name=\"description\" content=\"Reference od z\u00e1kazn\u00edk\u016f spole\u010dnosti Clean&#039;n&#039;Green s.r.o., kter\u00e1 se zab\u00fdv\u00e1 \u00faklidem kancel\u00e1\u0159\u00ed, pr\u016fmyslov\u00fdch a komer\u010dn\u00edch objekt\u016f.\" \/>\n<meta name=\"robots\" content=\"index, follow, max-snippet:-1, max-image-preview:large, max-video-preview:-1\" \/>\n<link rel=\"canonical\" href=\"https:\/\/cleanngreen.cz\/en\/reference\/\" \/>\n<meta property=\"og:locale\" content=\"en_US\" \/>\n<meta property=\"og:type\" content=\"article\" \/>\n<meta property=\"og:title\" content=\"Reference - Clean&#039;n&#039;Green\" \/>\n<meta property=\"og:description\" content=\"Reference od z\u00e1kazn\u00edk\u016f spole\u010dnosti Clean&#039;n&#039;Green s.r.o., kter\u00e1 se zab\u00fdv\u00e1 \u00faklidem kancel\u00e1\u0159\u00ed, pr\u016fmyslov\u00fdch a komer\u010dn\u00edch objekt\u016f.\" \/>\n<meta property=\"og:url\" content=\"https:\/\/cleanngreen.cz\/en\/reference\/\" \/>\n<meta property=\"og:site_name\" content=\"Clean&#039;n&#039;Green\" \/>\n<meta property=\"article:publisher\" content=\"https:\/\/www.facebook.com\/uklid.cleanngreen\/\" \/>\n<meta property=\"article:modified_time\" content=\"2021-08-18T07:58:31+00:00\" \/>\n<meta property=\"og:image\" content=\"https:\/\/cleanngreen.cz\/wp-content\/uploads\/2021\/02\/cleanngreen-logo_resized.png\" \/>\n\t<meta property=\"og:image:width\" content=\"447\" \/>\n\t<meta property=\"og:image:height\" content=\"200\" \/>\n\t<meta property=\"og:image:type\" content=\"image\/png\" \/>\n<meta name=\"twitter:card\" content=\"summary_large_image\" \/>\n<meta name=\"twitter:label1\" content=\"Est. reading time\" \/>\n\t<meta name=\"twitter:data1\" content=\"3 minutes\" \/>\n<script type=\"application\/ld+json\" class=\"yoast-schema-graph\">{\"@context\":\"https:\/\/schema.org\",\"@graph\":[{\"@type\":\"WebPage\",\"@id\":\"https:\/\/cleanngreen.cz\/reference\/\",\"url\":\"https:\/\/cleanngreen.cz\/reference\/\",\"name\":\"Reference - Clean&#039;n&#039;Green\",\"isPartOf\":{\"@id\":\"https:\/\/cleanngreen.cz\/#website\"},\"datePublished\":\"2021-06-10T19:25:33+00:00\",\"dateModified\":\"2021-08-18T07:58:31+00:00\",\"description\":\"Reference od z\u00e1kazn\u00edk\u016f spole\u010dnosti Clean'n'Green s.r.o., kter\u00e1 se zab\u00fdv\u00e1 \u00faklidem kancel\u00e1\u0159\u00ed, pr\u016fmyslov\u00fdch a komer\u010dn\u00edch objekt\u016f.\",\"breadcrumb\":{\"@id\":\"https:\/\/cleanngreen.cz\/reference\/#breadcrumb\"},\"inLanguage\":\"en-US\",\"potentialAction\":[{\"@type\":\"ReadAction\",\"target\":[\"https:\/\/cleanngreen.cz\/reference\/\"]}]},{\"@type\":\"BreadcrumbList\",\"@id\":\"https:\/\/cleanngreen.cz\/reference\/#breadcrumb\",\"itemListElement\":[{\"@type\":\"ListItem\",\"position\":1,\"name\":\"Dom\u016f\",\"item\":\"https:\/\/cleanngreen.cz\/\"},{\"@type\":\"ListItem\",\"position\":2,\"name\":\"Reference\"}]},{\"@type\":\"WebSite\",\"@id\":\"https:\/\/cleanngreen.cz\/#website\",\"url\":\"https:\/\/cleanngreen.cz\/\",\"name\":\"Clean&#039;n&#039;Green\",\"description\":\"P\u0159em\u00fd\u0161l\u00edme o \u00faklidu jinak\",\"publisher\":{\"@id\":\"https:\/\/cleanngreen.cz\/#organization\"},\"potentialAction\":[{\"@type\":\"SearchAction\",\"target\":{\"@type\":\"EntryPoint\",\"urlTemplate\":\"https:\/\/cleanngreen.cz\/?s={search_term_string}\"},\"query-input\":{\"@type\":\"PropertyValueSpecification\",\"valueRequired\":true,\"valueName\":\"search_term_string\"}}],\"inLanguage\":\"en-US\"},{\"@type\":\"Organization\",\"@id\":\"https:\/\/cleanngreen.cz\/#organization\",\"name\":\"Clean'n'Green s.r.o.\",\"url\":\"https:\/\/cleanngreen.cz\/\",\"logo\":{\"@type\":\"ImageObject\",\"inLanguage\":\"en-US\",\"@id\":\"https:\/\/cleanngreen.cz\/#\/schema\/logo\/image\/\",\"url\":\"https:\/\/cleanngreen.cz\/wp-content\/uploads\/2021\/02\/cleanngreen-logo_resized.png\",\"contentUrl\":\"https:\/\/cleanngreen.cz\/wp-content\/uploads\/2021\/02\/cleanngreen-logo_resized.png\",\"width\":447,\"height\":200,\"caption\":\"Clean'n'Green s.r.o.\"},\"image\":{\"@id\":\"https:\/\/cleanngreen.cz\/#\/schema\/logo\/image\/\"},\"sameAs\":[\"https:\/\/www.facebook.com\/uklid.cleanngreen\/\",\"https:\/\/www.instagram.com\/cleanngreen.cz\/\"]}]}<\/script>\n<!-- \/ Yoast SEO plugin. -->","yoast_head_json":{"title":"Reference - Clean&#039;n&#039;Green","description":"Reference od z\u00e1kazn\u00edk\u016f spole\u010dnosti Clean'n'Green s.r.o., kter\u00e1 se zab\u00fdv\u00e1 \u00faklidem kancel\u00e1\u0159\u00ed, pr\u016fmyslov\u00fdch a komer\u010dn\u00edch objekt\u016f.","robots":{"index":"index","follow":"follow","max-snippet":"max-snippet:-1","max-image-preview":"max-image-preview:large","max-video-preview":"max-video-preview:-1"},"canonical":"https:\/\/cleanngreen.cz\/en\/reference\/","og_locale":"en_US","og_type":"article","og_title":"Reference - Clean&#039;n&#039;Green","og_description":"Reference od z\u00e1kazn\u00edk\u016f spole\u010dnosti Clean'n'Green s.r.o., kter\u00e1 se zab\u00fdv\u00e1 \u00faklidem kancel\u00e1\u0159\u00ed, pr\u016fmyslov\u00fdch a komer\u010dn\u00edch objekt\u016f.","og_url":"https:\/\/cleanngreen.cz\/en\/reference\/","og_site_name":"Clean&#039;n&#039;Green","article_publisher":"https:\/\/www.facebook.com\/uklid.cleanngreen\/","article_modified_time":"2021-08-18T07:58:31+00:00","og_image":[{"width":447,"height":200,"url":"https:\/\/cleanngreen.cz\/wp-content\/uploads\/2021\/02\/cleanngreen-logo_resized.png","type":"image\/png"}],"twitter_card":"summary_large_image","twitter_misc":{"Est. reading time":"3 minutes"},"schema":{"@context":"https:\/\/schema.org","@graph":[{"@type":"WebPage","@id":"https:\/\/cleanngreen.cz\/reference\/","url":"https:\/\/cleanngreen.cz\/reference\/","name":"Reference - Clean&#039;n&#039;Green","isPartOf":{"@id":"https:\/\/cleanngreen.cz\/#website"},"datePublished":"2021-06-10T19:25:33+00:00","dateModified":"2021-08-18T07:58:31+00:00","description":"Reference od z\u00e1kazn\u00edk\u016f spole\u010dnosti Clean'n'Green s.r.o., kter\u00e1 se zab\u00fdv\u00e1 \u00faklidem kancel\u00e1\u0159\u00ed, pr\u016fmyslov\u00fdch a komer\u010dn\u00edch objekt\u016f.","breadcrumb":{"@id":"https:\/\/cleanngreen.cz\/reference\/#breadcrumb"},"inLanguage":"en-US","potentialAction":[{"@type":"ReadAction","target":["https:\/\/cleanngreen.cz\/reference\/"]}]},{"@type":"BreadcrumbList","@id":"https:\/\/cleanngreen.cz\/reference\/#breadcrumb","itemListElement":[{"@type":"ListItem","position":1,"name":"Dom\u016f","item":"https:\/\/cleanngreen.cz\/"},{"@type":"ListItem","position":2,"name":"Reference"}]},{"@type":"WebSite","@id":"https:\/\/cleanngreen.cz\/#website","url":"https:\/\/cleanngreen.cz\/","name":"Clean&#039;n&#039;Green","description":"P\u0159em\u00fd\u0161l\u00edme o \u00faklidu jinak","publisher":{"@id":"https:\/\/cleanngreen.cz\/#organization"},"potentialAction":[{"@type":"SearchAction","target":{"@type":"EntryPoint","urlTemplate":"https:\/\/cleanngreen.cz\/?s={search_term_string}"},"query-input":{"@type":"PropertyValueSpecification","valueRequired":true,"valueName":"search_term_string"}}],"inLanguage":"en-US"},{"@type":"Organization","@id":"https:\/\/cleanngreen.cz\/#organization","name":"Clean'n'Green s.r.o.","url":"https:\/\/cleanngreen.cz\/","logo":{"@type":"ImageObject","inLanguage":"en-US","@id":"https:\/\/cleanngreen.cz\/#\/schema\/logo\/image\/","url":"https:\/\/cleanngreen.cz\/wp-content\/uploads\/2021\/02\/cleanngreen-logo_resized.png","contentUrl":"https:\/\/cleanngreen.cz\/wp-content\/uploads\/2021\/02\/cleanngreen-logo_resized.png","width":447,"height":200,"caption":"Clean'n'Green s.r.o."},"image":{"@id":"https:\/\/cleanngreen.cz\/#\/schema\/logo\/image\/"},"sameAs":["https:\/\/www.facebook.com\/uklid.cleanngreen\/","https:\/\/www.instagram.com\/cleanngreen.cz\/"]}]}},"_links":{"self":[{"href":"https:\/\/cleanngreen.cz\/en\/wp-json\/wp\/v2\/pages\/2037","targetHints":{"allow":["GET"]}}],"collection":[{"href":"https:\/\/cleanngreen.cz\/en\/wp-json\/wp\/v2\/pages"}],"about":[{"href":"https:\/\/cleanngreen.cz\/en\/wp-json\/wp\/v2\/types\/page"}],"author":[{"embeddable":true,"href":"https:\/\/cleanngreen.cz\/en\/wp-json\/wp\/v2\/users\/1"}],"replies":[{"embeddable":true,"href":"https:\/\/cleanngreen.cz\/en\/wp-json\/wp\/v2\/comments?post=2037"}],"version-history":[{"count":12,"href":"https:\/\/cleanngreen.cz\/en\/wp-json\/wp\/v2\/pages\/2037\/revisions"}],"predecessor-version":[{"id":2039,"href":"https:\/\/cleanngreen.cz\/en\/wp-json\/wp\/v2\/pages\/2037\/revisions\/2039"}],"wp:attachment":[{"href":"https:\/\/cleanngreen.cz\/en\/wp-json\/wp\/v2\/media?parent=2037"}],"curies":[{"name":"wp","href":"https:\/\/api.w.org\/{rel}","templated":true}]}}